{"id":1991,"date":"2022-06-23T15:47:49","date_gmt":"2022-06-23T15:47:49","guid":{"rendered":"https:\/\/notaria37bogota.com.co\/wordpress\/?page_id=1991"},"modified":"2022-09-23T21:08:23","modified_gmt":"2022-09-23T21:08:23","slug":"participa","status":"publish","type":"page","link":"https:\/\/notaria37bogota.com.co\/wordpress\/index.php\/participa\/","title":{"rendered":"Participa"},"content":{"rendered":"<p>[et_pb_section fb_built=\u00bb1&#8243; next_background_color=\u00bb#ffffff\u00bb _builder_version=\u00bb4.16&#8243; _module_preset=\u00bbdefault\u00bb background_color=\u00bb#3c6008&#8243; bottom_divider_style=\u00bbcurve2&#8243; global_colors_info=\u00bb{}\u00bb][et_pb_row _builder_version=\u00bb4.16&#8243; _module_preset=\u00bbdefault\u00bb global_colors_info=\u00bb{}\u00bb][et_pb_column type=\u00bb4_4&#8243; _builder_version=\u00bb4.16&#8243; _module_preset=\u00bbdefault\u00bb global_colors_info=\u00bb{}\u00bb][et_pb_text _builder_version=\u00bb4.17.4&#8243; _module_preset=\u00bbdefault\u00bb text_font=\u00bbActor|700|||||||\u00bb text_text_color=\u00bb#ffffff\u00bb text_font_size=\u00bb48px\u00bb text_orientation=\u00bbcenter\u00bb custom_margin=\u00bb69px||30px||false|false\u00bb global_colors_info=\u00bb{}\u00bb]<\/p>\n<p>Participa<\/p>\n<p>[\/et_pb_text][\/et_pb_column][\/et_pb_row][\/et_pb_section][et_pb_section fb_built=\u00bb1&#8243; _builder_version=\u00bb4.18.0&#8243; _module_preset=\u00bbdefault\u00bb global_colors_info=\u00bb{}\u00bb][et_pb_row _builder_version=\u00bb4.16&#8243; _module_preset=\u00bbdefault\u00bb global_colors_info=\u00bb{}\u00bb][et_pb_column type=\u00bb4_4&#8243; _builder_version=\u00bb4.16&#8243; _module_preset=\u00bbdefault\u00bb global_colors_info=\u00bb{}\u00bb][et_pb_text _builder_version=\u00bb4.17.4&#8243; _module_preset=\u00bbdefault\u00bb custom_padding=\u00bb||0px|||\u00bb inline_fonts=\u00bbArial\u00bb global_colors_info=\u00bb{}\u00bb]<\/p>\n<p><span style=\"color: #008000;\"><strong><span style=\"font-family: Arial; font-size: xx-large;\">\u00bfQu\u00e9 es?<\/span><\/strong><\/span><\/p>\n<p style=\"text-align: justify;\"><span style=\"font-family: Arial; font-weight: normal;\">El Men\u00fa Participa es una nueva categor\u00eda del men\u00fa destacado que deben crear las entidades y organismos obligados en el encabezado principal de su sitio web. Las autoridades deben publicar en el Men\u00fa Participa los contenidos de informaci\u00f3n sobre los espacios, mecanismos y acciones que permiten la participaci\u00f3n ciudadana en el ciclo de la gesti\u00f3n p\u00fablica, esto con el prop\u00f3sito de dinamizar la vinculaci\u00f3n de la ciudadan\u00eda en las decisiones y acciones p\u00fablicas durante el diagn\u00f3stico, formulaci\u00f3n, implementaci\u00f3n, evaluaci\u00f3n y seguimiento a la gesti\u00f3n institucional a trav\u00e9s de su sitio web institucional.<\/span><\/p>\n<p style=\"text-align: justify;\"><span style=\"font-family: Arial; font-weight: normal;\">Contiene la informaci\u00f3n sobre las posibilidades de interacci\u00f3n e intervenci\u00f3n de los ciudadanos, usuarios y grupos de inter\u00e9s en las fases de formulaci\u00f3n, ejecuci\u00f3n, control y evaluaci\u00f3n del ciclo de la gesti\u00f3n p\u00fablica definidas en la normatividad general y en las disposiciones espec\u00edficas para cada entidad, o que son dise\u00f1ados proactivamente para facilitar el ejercicio de este derecho.*<\/span><\/p>\n<p style=\"text-align: justify;\"><span style=\"font-family: Arial; font-weight: normal;\">La estructura del Men\u00fa Participa debe contener seis secciones, as\u00ed:<\/span><\/p>\n<p><a href=\"https:\/\/www.funcionpublica.gov.co\/documents\/\" title=\"funcionpublica.gov.co\/documents\" target=\"_blank\" rel=\"noopener\"><span style=\"font-size: large;\">*\u00a0\u00a0<span style=\"font-family: Arial; font-weight: normal;\">Departamento Administrativo de la Funci\u00f3n P\u00fablica (2021). Lineamientos para publicar informaci\u00f3n en el men\u00fa participa sobre participaci\u00f3n ciudadana en la gesti\u00f3n p\u00fablica. Obtenido de: https:\/\/www.funcionpublica.gov.co\/documents\/<\/span><\/span><\/a><\/p>\n<p>[\/et_pb_text][\/et_pb_column][\/et_pb_row][et_pb_row column_structure=\u00bb1_6,1_6,1_6,1_6,1_6,1_6&#8243; _builder_version=\u00bb4.18.0&#8243; _module_preset=\u00bbdefault\u00bb global_colors_info=\u00bb{}\u00bb][et_pb_column type=\u00bb1_6&#8243; _builder_version=\u00bb4.18.0&#8243; _module_preset=\u00bbdefault\u00bb global_colors_info=\u00bb{}\u00bb][et_pb_image src=\u00bbhttps:\/\/notaria37bogota.com.co\/wordpress\/wp-content\/uploads\/2022\/09\/diagnostico.png\u00bb alt=\u00bbDiagnostico e Identificaci\u00f3n de problemas\u00bb title_text=\u00bbDiagnostico e Identificaci\u00f3n de problemas\u00bb url=\u00bbhttps:\/\/notaria37bogota.com.co\/wordpress\/index.php\/diagnostico-e-identificacion\/\u00bb align=\u00bbcenter\u00bb admin_label=\u00bbDiagnostico e Identificaci\u00f3n de problemas\u00bb _builder_version=\u00bb4.18.0&#8243; _module_preset=\u00bbdefault\u00bb transform_translate=\u00bb0px|-7px\u00bb hover_enabled=\u00bb0&#8243; border_radii=\u00bbon|1px|1px|1px|1px\u00bb border_width_all=\u00bb2px\u00bb border_color_all=\u00bb#378137&#8243; global_colors_info=\u00bb{}\u00bb sticky_enabled=\u00bb0&#8243;][\/et_pb_image][\/et_pb_column][et_pb_column type=\u00bb1_6&#8243; _builder_version=\u00bb4.18.0&#8243; _module_preset=\u00bbdefault\u00bb global_colors_info=\u00bb{}\u00bb][et_pb_image src=\u00bbhttps:\/\/notaria37bogota.com.co\/wordpress\/wp-content\/uploads\/2022\/09\/planeacion.png\u00bb alt=\u00bbPlaneaci\u00f3n y Presupuesto\u00bb title_text=\u00bbPlaneaci\u00f3n y Presupuesto\u00bb url=\u00bbhttps:\/\/notaria37bogota.com.co\/wordpress\/index.php\/planeacion-y-presupuesto\/\u00bb align=\u00bbcenter\u00bb admin_label=\u00bbPlaneaci\u00f3n y Presupuesto\u00bb _builder_version=\u00bb4.18.0&#8243; _module_preset=\u00bbdefault\u00bb border_width_all=\u00bb2px\u00bb border_color_all=\u00bb#378137&#8243; global_colors_info=\u00bb{}\u00bb][\/et_pb_image][\/et_pb_column][et_pb_column type=\u00bb1_6&#8243; _builder_version=\u00bb4.18.0&#8243; _module_preset=\u00bbdefault\u00bb global_colors_info=\u00bb{}\u00bb][et_pb_image src=\u00bbhttps:\/\/notaria37bogota.com.co\/wordpress\/wp-content\/uploads\/2022\/09\/Consulta.png\u00bb alt=\u00bbConsulta Ciudadana\u00bb title_text=\u00bbConsulta Ciudadana\u00bb url=\u00bbhttps:\/\/notaria37bogota.com.co\/wordpress\/index.php\/consulta-ciudadana\/\u00bb align=\u00bbcenter\u00bb admin_label=\u00bbConsulta Ciudadana\u00bb _builder_version=\u00bb4.18.0&#8243; _module_preset=\u00bbdefault\u00bb border_width_all=\u00bb2px\u00bb border_color_all=\u00bb#378137&#8243; global_colors_info=\u00bb{}\u00bb][\/et_pb_image][\/et_pb_column][et_pb_column type=\u00bb1_6&#8243; _builder_version=\u00bb4.18.0&#8243; _module_preset=\u00bbdefault\u00bb global_colors_info=\u00bb{}\u00bb][et_pb_image src=\u00bbhttps:\/\/notaria37bogota.com.co\/wordpress\/wp-content\/uploads\/2022\/09\/rendicion.png\u00bb alt=\u00bbrendici\u00f3n de cuentas\u00bb title_text=\u00bbrendici\u00f3n de cuentas\u00bb url=\u00bbhttps:\/\/notaria37bogota.com.co\/wordpress\/index.php\/rendicion-de-cuentas\/\u00bb align=\u00bbcenter\u00bb admin_label=\u00bbRendici\u00f3n de cuentas\u00bb _builder_version=\u00bb4.18.0&#8243; _module_preset=\u00bbdefault\u00bb border_width_all=\u00bb2px\u00bb border_color_all=\u00bb#378137&#8243; global_colors_info=\u00bb{}\u00bb][\/et_pb_image][\/et_pb_column][et_pb_column type=\u00bb1_6&#8243; _builder_version=\u00bb4.18.0&#8243; _module_preset=\u00bbdefault\u00bb global_colors_info=\u00bb{}\u00bb][et_pb_image src=\u00bbhttps:\/\/notaria37bogota.com.co\/wordpress\/wp-content\/uploads\/2022\/09\/control.png\u00bb alt=\u00bbControl Social\u00bb title_text=\u00bbControl Social\u00bb url=\u00bbhttps:\/\/notaria37bogota.com.co\/wordpress\/index.php\/control-social\/\u00bb align=\u00bbcenter\u00bb admin_label=\u00bbControl Social\u00bb _builder_version=\u00bb4.18.0&#8243; _module_preset=\u00bbdefault\u00bb border_width_all=\u00bb2px\u00bb border_color_all=\u00bb#378137&#8243; global_colors_info=\u00bb{}\u00bb][\/et_pb_image][\/et_pb_column][et_pb_column type=\u00bb1_6&#8243; _builder_version=\u00bb4.18.0&#8243; _module_preset=\u00bbdefault\u00bb global_colors_info=\u00bb{}\u00bb][et_pb_image src=\u00bbhttps:\/\/notaria37bogota.com.co\/wordpress\/wp-content\/uploads\/2022\/09\/colaboracion.png\u00bb alt=\u00bbcolaboraci\u00f3n e innovaci\u00f3n\u00bb title_text=\u00bbcolaboraci\u00f3n e innovaci\u00f3n\u00bb url=\u00bbhttps:\/\/notaria37bogota.com.co\/wordpress\/index.php\/colaboracion-e-innovacion-abierta\/\u00bb align=\u00bbcenter\u00bb admin_label=\u00bbColaboraci\u00f3n e innovaci\u00f3n abierta\u00bb _builder_version=\u00bb4.18.0&#8243; _module_preset=\u00bbdefault\u00bb border_width_all=\u00bb2px\u00bb border_color_all=\u00bb#378137&#8243; global_colors_info=\u00bb{}\u00bb][\/et_pb_image][\/et_pb_column][\/et_pb_row][\/et_pb_section][et_pb_section fb_built=\u00bb1&#8243; prev_background_color=\u00bb#ffffff\u00bb module_id=\u00bbfooter\u00bb _builder_version=\u00bb4.7.5&#8243; _module_preset=\u00bbdefault\u00bb background_color=\u00bb#385c1e\u00bb custom_margin=\u00bb109px|||||\u00bb custom_padding=\u00bb||0px|||\u00bb top_divider_style=\u00bbcurve2&#8243; global_module=\u00bb461&#8243; saved_tabs=\u00bball\u00bb global_colors_info=\u00bb{}\u00bb][et_pb_row column_structure=\u00bb1_2,1_2&#8243; _builder_version=\u00bb4.18.0&#8243; _module_preset=\u00bbdefault\u00bb global_colors_info=\u00bb{}\u00bb][et_pb_column type=\u00bb1_2&#8243; _builder_version=\u00bb4.18.0&#8243; _module_preset=\u00bbdefault\u00bb global_colors_info=\u00bb{}\u00bb][\/et_pb_column][et_pb_column type=\u00bb1_2&#8243; _builder_version=\u00bb4.18.0&#8243; _module_preset=\u00bbdefault\u00bb global_colors_info=\u00bb{}\u00bb][\/et_pb_column][\/et_pb_row][et_pb_row column_structure=\u00bb1_2,1_2&#8243; _builder_version=\u00bb4.16&#8243; _module_preset=\u00bbdefault\u00bb custom_margin=\u00bb-86px||||false|false\u00bb global_colors_info=\u00bb{}\u00bb][et_pb_column type=\u00bb1_2&#8243; _builder_version=\u00bb4.16&#8243; _module_preset=\u00bbdefault\u00bb background_color=\u00bbrgba(255,255,255,0.76)\u00bb custom_padding=\u00bb67px|37px|67px|37px|true|true\u00bb animation_style=\u00bbfold\u00bb box_shadow_style=\u00bbpreset1&#8243; global_colors_info=\u00bb{}\u00bb][et_pb_contact_form captcha=\u00bboff\u00bb email=\u00bbinformacion@notaria37bogota.com\u00bb title=\u00bbD\u00e9jenos sus inquietudes\u00bb success_message=\u00bbPronto estaremos en contacto d\u00e1ndole respuesta pertinente a su inquietud.\u00bb _builder_version=\u00bb4.17.4&#8243; _module_preset=\u00bbdefault\u00bb _unique_id=\u00bb85643341-b510-44a0-89d0-9c57e64b1439&#8243; form_field_background_color=\u00bbrgba(56,92,30,0.45)\u00bb form_field_text_color=\u00bb#ffffff\u00bb title_font=\u00bbActor|700|||||||\u00bb title_text_color=\u00bb#385c1e\u00bb form_field_font=\u00bbActor||||||||\u00bb form_field_font_size=\u00bb16px\u00bb custom_button=\u00bbon\u00bb button_text_color=\u00bb#ffffff\u00bb button_bg_use_color_gradient=\u00bbon\u00bb button_bg_color_gradient_direction=\u00bb150deg\u00bb button_bg_color_gradient_stops=\u00bb#385C1E 0%|#13990f 100%\u00bb button_bg_color_gradient_start=\u00bb#385C1E\u00bb button_bg_color_gradient_end=\u00bb#13990f\u00bb button_border_width=\u00bb0px\u00bb button_border_radius=\u00bb49px\u00bb button_font=\u00bbActor|700|||||||\u00bb global_colors_info=\u00bb{}\u00bb button_border_width__hover_enabled=\u00bboff|hover\u00bb button_border_width__hover=\u00bb0px\u00bb][et_pb_contact_field field_id=\u00bbName\u00bb field_title=\u00bbNombre\u00bb fullwidth_field=\u00bbon\u00bb _builder_version=\u00bb4.17.4&#8243; global_colors_info=\u00bb{}\u00bb button_text_size__hover_enabled=\u00bboff\u00bb button_one_text_size__hover_enabled=\u00bboff\u00bb button_two_text_size__hover_enabled=\u00bboff\u00bb button_text_color__hover_enabled=\u00bboff\u00bb button_one_text_color__hover_enabled=\u00bboff\u00bb button_two_text_color__hover_enabled=\u00bboff\u00bb button_border_width__hover_enabled=\u00bboff\u00bb button_one_border_width__hover_enabled=\u00bboff\u00bb button_two_border_width__hover_enabled=\u00bboff\u00bb button_border_color__hover_enabled=\u00bboff\u00bb button_one_border_color__hover_enabled=\u00bboff\u00bb button_two_border_color__hover_enabled=\u00bboff\u00bb button_border_radius__hover_enabled=\u00bboff\u00bb button_one_border_radius__hover_enabled=\u00bboff\u00bb button_two_border_radius__hover_enabled=\u00bboff\u00bb button_letter_spacing__hover_enabled=\u00bboff\u00bb button_one_letter_spacing__hover_enabled=\u00bboff\u00bb button_two_letter_spacing__hover_enabled=\u00bboff\u00bb button_bg_color__hover_enabled=\u00bboff\u00bb button_one_bg_color__hover_enabled=\u00bboff\u00bb button_two_bg_color__hover_enabled=\u00bboff\u00bb][\/et_pb_contact_field][et_pb_contact_field field_id=\u00bbTel\u00e9fono\u00bb field_title=\u00bbTel\u00e9fono\u00bb _builder_version=\u00bb4.17.4&#8243; _module_preset=\u00bbdefault\u00bb global_colors_info=\u00bb{}\u00bb][\/et_pb_contact_field][et_pb_contact_field field_id=\u00bbEmail\u00bb field_title=\u00bbCorreo electr\u00f3nico\u00bb field_type=\u00bbemail\u00bb _builder_version=\u00bb4.17.4&#8243; global_colors_info=\u00bb{}\u00bb button_text_size__hover_enabled=\u00bboff\u00bb button_one_text_size__hover_enabled=\u00bboff\u00bb button_two_text_size__hover_enabled=\u00bboff\u00bb button_text_color__hover_enabled=\u00bboff\u00bb button_one_text_color__hover_enabled=\u00bboff\u00bb button_two_text_color__hover_enabled=\u00bboff\u00bb button_border_width__hover_enabled=\u00bboff\u00bb button_one_border_width__hover_enabled=\u00bboff\u00bb button_two_border_width__hover_enabled=\u00bboff\u00bb button_border_color__hover_enabled=\u00bboff\u00bb button_one_border_color__hover_enabled=\u00bboff\u00bb button_two_border_color__hover_enabled=\u00bboff\u00bb button_border_radius__hover_enabled=\u00bboff\u00bb button_one_border_radius__hover_enabled=\u00bboff\u00bb button_two_border_radius__hover_enabled=\u00bboff\u00bb button_letter_spacing__hover_enabled=\u00bboff\u00bb button_one_letter_spacing__hover_enabled=\u00bboff\u00bb button_two_letter_spacing__hover_enabled=\u00bboff\u00bb button_bg_color__hover_enabled=\u00bboff\u00bb button_one_bg_color__hover_enabled=\u00bboff\u00bb button_two_bg_color__hover_enabled=\u00bboff\u00bb][\/et_pb_contact_field][et_pb_contact_field field_id=\u00bbMessage\u00bb field_title=\u00bbMensaje\u00bb field_type=\u00bbtext\u00bb fullwidth_field=\u00bbon\u00bb _builder_version=\u00bb4.16&#8243; global_colors_info=\u00bb{}\u00bb button_text_size__hover_enabled=\u00bboff\u00bb button_one_text_size__hover_enabled=\u00bboff\u00bb button_two_text_size__hover_enabled=\u00bboff\u00bb button_text_color__hover_enabled=\u00bboff\u00bb button_one_text_color__hover_enabled=\u00bboff\u00bb button_two_text_color__hover_enabled=\u00bboff\u00bb button_border_width__hover_enabled=\u00bboff\u00bb button_one_border_width__hover_enabled=\u00bboff\u00bb button_two_border_width__hover_enabled=\u00bboff\u00bb button_border_color__hover_enabled=\u00bboff\u00bb button_one_border_color__hover_enabled=\u00bboff\u00bb button_two_border_color__hover_enabled=\u00bboff\u00bb button_border_radius__hover_enabled=\u00bboff\u00bb button_one_border_radius__hover_enabled=\u00bboff\u00bb button_two_border_radius__hover_enabled=\u00bboff\u00bb button_letter_spacing__hover_enabled=\u00bboff\u00bb button_one_letter_spacing__hover_enabled=\u00bboff\u00bb button_two_letter_spacing__hover_enabled=\u00bboff\u00bb button_bg_color__hover_enabled=\u00bboff\u00bb button_one_bg_color__hover_enabled=\u00bboff\u00bb button_two_bg_color__hover_enabled=\u00bboff\u00bb][\/et_pb_contact_field][\/et_pb_contact_form][\/et_pb_column][et_pb_column type=\u00bb1_2&#8243; _builder_version=\u00bb4.16&#8243; _module_preset=\u00bbdefault\u00bb global_colors_info=\u00bb{}\u00bb][et_pb_blurb title=\u00bbTel\u00e9fono\u00bb url=\u00bbtel:\/\/6013763737&#8243; use_icon=\u00bbon\u00bb font_icon=\u00bb&#xe090;||divi||400&#8243; icon_color=\u00bb#ffffff\u00bb image_icon_background_color=\u00bb#7cda24&#8243; icon_placement=\u00bbleft\u00bb image_icon_width=\u00bb16px\u00bb _builder_version=\u00bb4.16&#8243; _module_preset=\u00bbdefault\u00bb header_font=\u00bbActor|700|||||||\u00bb header_text_color=\u00bb#7cda24&#8243; header_font_size=\u00bb21px\u00bb body_font=\u00bbActor||||||||\u00bb body_text_color=\u00bb#ffffff\u00bb body_font_size=\u00bb18px\u00bb image_icon_custom_padding=\u00bb8px|8px|8px|8px|false|false\u00bb custom_margin=\u00bb124px||||false|false\u00bb custom_margin_tablet=\u00bb\u00bb custom_margin_phone=\u00bb8px||||false|false\u00bb custom_margin_last_edited=\u00bbon|phone\u00bb link_option_url=\u00bbtel:\/\/6013763737&#8243; border_radii_image=\u00bbon|100%|100%|100%|100%\u00bb border_width_all_image=\u00bb2px\u00bb border_color_all_image=\u00bb#ffffff\u00bb use_circle=\u00bbon\u00bb use_circle_border=\u00bbon\u00bb circle_border_color=\u00bb#ffffff\u00bb circle_color=\u00bb#7cda24&#8243; inline_fonts=\u00bbArial\u00bb global_colors_info=\u00bb{}\u00bb image_icon_background_color__sticky_enabled=\u00bb#7EBEC5&#8243; image_icon_background_color__sticky=\u00bb#7EBEC5&#8243;]<\/p>\n<p><span style=\"font-family: Arial;\">(+57 601) 376 37 37<\/span><\/p>\n<p>[\/et_pb_blurb][et_pb_blurb title=\u00bbNotificaciones Judiciales\u00bb use_icon=\u00bbon\u00bb font_icon=\u00bb&#xe076;||divi||400&#8243; icon_color=\u00bb#ffffff\u00bb image_icon_background_color=\u00bb#7cda24&#8243; icon_placement=\u00bbleft\u00bb image_icon_width=\u00bb16px\u00bb _builder_version=\u00bb4.16&#8243; _module_preset=\u00bbdefault\u00bb header_font=\u00bbActor|700|||||||\u00bb header_text_color=\u00bb#7cda24&#8243; header_font_size=\u00bb21px\u00bb body_font=\u00bbActor||||||||\u00bb body_text_color=\u00bb#ffffff\u00bb body_font_size=\u00bb18px\u00bb image_icon_custom_padding=\u00bb8px|8px|8px|8px|false|false\u00bb custom_margin=\u00bb||||false|false\u00bb body_font_size_tablet=\u00bb\u00bb body_font_size_phone=\u00bb13px\u00bb body_font_size_last_edited=\u00bbon|phone\u00bb border_radii_image=\u00bbon|100%|100%|100%|100%\u00bb border_width_all_image=\u00bb2px\u00bb border_color_all_image=\u00bb#ffffff\u00bb use_circle=\u00bbon\u00bb use_circle_border=\u00bbon\u00bb circle_border_color=\u00bb#ffffff\u00bb circle_color=\u00bb#7cda24&#8243; inline_fonts=\u00bbArial\u00bb global_colors_info=\u00bb{}\u00bb image_icon_background_color__sticky_enabled=\u00bb#7EBEC5&#8243; image_icon_background_color__sticky=\u00bb#7EBEC5&#8243;]<\/p>\n<ul>\n<li><span style=\"font-family: Arial;\"><span style=\"color: #ffffff;\"><a href=\"mailto:informacion@notaria37bogota.com\" style=\"color: #ffffff;\">secretaria.despacho@notaria37bogota.com<\/a><\/span><\/span><\/li>\n<\/ul>\n<p>[\/et_pb_blurb][et_pb_blurb title=\u00bbCorreo electr\u00f3nico\u00bb use_icon=\u00bbon\u00bb font_icon=\u00bb&#xe076;||divi||400&#8243; icon_color=\u00bb#ffffff\u00bb image_icon_background_color=\u00bb#7cda24&#8243; icon_placement=\u00bbleft\u00bb image_icon_width=\u00bb16px\u00bb _builder_version=\u00bb4.16&#8243; _module_preset=\u00bbdefault\u00bb header_font=\u00bbActor|700|||||||\u00bb header_text_color=\u00bb#7cda24&#8243; header_font_size=\u00bb21px\u00bb body_font=\u00bbActor||||||||\u00bb body_text_color=\u00bb#ffffff\u00bb body_font_size=\u00bb18px\u00bb image_icon_custom_padding=\u00bb8px|8px|8px|8px|false|false\u00bb transform_translate=\u00bb0px|-28px\u00bb min_height=\u00bb64px\u00bb custom_margin=\u00bb||||false|false\u00bb custom_padding=\u00bb0px|||||\u00bb body_font_size_tablet=\u00bb\u00bb body_font_size_phone=\u00bb13px\u00bb body_font_size_last_edited=\u00bbon|phone\u00bb border_radii_image=\u00bbon|100%|100%|100%|100%\u00bb border_width_all_image=\u00bb2px\u00bb border_color_all_image=\u00bb#ffffff\u00bb use_circle=\u00bbon\u00bb use_circle_border=\u00bbon\u00bb circle_border_color=\u00bb#ffffff\u00bb circle_color=\u00bb#7cda24&#8243; inline_fonts=\u00bbArial\u00bb global_colors_info=\u00bb{}\u00bb image_icon_background_color__sticky_enabled=\u00bb#7EBEC5&#8243; image_icon_background_color__sticky=\u00bb#7EBEC5&#8243;]<\/p>\n<ul>\n<li><span style=\"color: #ffffff; font-family: Arial;\"><a href=\"mailto:informacion@notaria37bogota.com\" style=\"color: #ffffff;\">informacion@notaria37bogota.com<\/a><\/span><\/li>\n<li><span style=\"color: #ffffff; font-family: Arial;\"><a href=\"mailto:notaria37bogota@ucnc.com\" style=\"color: #ffffff;\">notaria37bogota@ucnc.com<\/a><\/span><br \/><span class=\"g-social-text\" style=\"color: #ffffff; font-family: Arial;\"> <\/span><\/li>\n<li><span class=\"g-social-text\" style=\"color: #ffffff; font-family: Arial;\"><a href=\"mailto:treintaysietebogota@supernotariado.gov.co\" style=\"color: #ffffff;\">treintaysietebogota@supernotariado.gov.co <\/a><\/span><a href=\"mailto:notaria37bogota@ucnc.com\"><\/a><\/li>\n<\/ul>\n<p>[\/et_pb_blurb][et_pb_blurb title=\u00bbHorario\u00bb use_icon=\u00bbon\u00bb font_icon=\u00bb&#xe60d;||divi||400&#8243; icon_color=\u00bb#ffffff\u00bb image_icon_background_color=\u00bb#7cda24&#8243; icon_placement=\u00bbleft\u00bb image_icon_width=\u00bb16px\u00bb _builder_version=\u00bb4.16&#8243; _module_preset=\u00bbdefault\u00bb header_font=\u00bbActor|700|||||||\u00bb header_text_color=\u00bb#7cda24&#8243; header_font_size=\u00bb21px\u00bb body_font=\u00bbActor||||||||\u00bb body_text_color=\u00bb#ffffff\u00bb body_font_size=\u00bb18px\u00bb image_icon_custom_padding=\u00bb8px|8px|8px|8px|false|false\u00bb transform_translate=\u00bb0px|-24px\u00bb custom_margin=\u00bb-37px||||false|false\u00bb border_radii_image=\u00bbon|100%|100%|100%|100%\u00bb border_width_all_image=\u00bb2px\u00bb border_color_all_image=\u00bb#ffffff\u00bb use_circle=\u00bbon\u00bb use_circle_border=\u00bbon\u00bb circle_border_color=\u00bb#ffffff\u00bb circle_color=\u00bb#7cda24&#8243; inline_fonts=\u00bbArial\u00bb global_colors_info=\u00bb{}\u00bb image_icon_background_color__sticky_enabled=\u00bb#7EBEC5&#8243; image_icon_background_color__sticky=\u00bb#7EBEC5&#8243;]<\/p>\n<ul>\n<li><span style=\"font-family: Arial;\"><strong>Lunes a Viernes<\/strong> de 8:00am a 1:00pm y de 2:00pm a 6:00pm<\/span><\/li>\n<li><span style=\"font-family: Arial;\"><strong>S\u00e1bados<\/strong> de 9:00am a 12:00m<\/span><\/li>\n<\/ul>\n<p>[\/et_pb_blurb][et_pb_blurb title=\u00bbDirecci\u00f3n\u00bb use_icon=\u00bbon\u00bb font_icon=\u00bb&#xe081;||divi||400&#8243; icon_color=\u00bb#ffffff\u00bb image_icon_background_color=\u00bb#7cda24&#8243; icon_placement=\u00bbleft\u00bb image_icon_width=\u00bb16px\u00bb _builder_version=\u00bb4.16&#8243; _module_preset=\u00bbdefault\u00bb header_font=\u00bbActor|700|||||||\u00bb header_text_color=\u00bb#7cda24&#8243; header_font_size=\u00bb21px\u00bb body_font=\u00bbActor||||||||\u00bb body_text_color=\u00bb#ffffff\u00bb body_font_size=\u00bb18px\u00bb image_icon_custom_padding=\u00bb8px|8px|8px|8px|false|false\u00bb transform_translate=\u00bb0px|-14px\u00bb custom_margin=\u00bb-38px||||false|false\u00bb custom_padding=\u00bb||3px|||\u00bb border_radii_image=\u00bbon|100%|100%|100%|100%\u00bb border_width_all_image=\u00bb2px\u00bb border_color_all_image=\u00bb#ffffff\u00bb use_circle=\u00bbon\u00bb use_circle_border=\u00bbon\u00bb circle_border_color=\u00bb#ffffff\u00bb circle_color=\u00bb#7cda24&#8243; locked=\u00bboff\u00bb inline_fonts=\u00bbArial\u00bb global_colors_info=\u00bb{}\u00bb image_icon_background_color__sticky_enabled=\u00bb#7EBEC5&#8243; image_icon_background_color__sticky=\u00bb#7EBEC5&#8243;]<\/p>\n<p><span style=\"font-family: Arial;\">Calle 67 No. 7 \u2013 82\/86\/90<\/span><\/p>\n<p>[\/et_pb_blurb][\/et_pb_column][\/et_pb_row][et_pb_row _builder_version=\u00bb4.16&#8243; _module_preset=\u00bbdefault\u00bb custom_margin=\u00bb29px|auto||auto|false|false\u00bb custom_padding=\u00bb||0px|||\u00bb global_colors_info=\u00bb{}\u00bb][et_pb_column type=\u00bb4_4&#8243; _builder_version=\u00bb4.16&#8243; _module_preset=\u00bbdefault\u00bb background_enable_color=\u00bboff\u00bb custom_padding=\u00bb67px|37px|67px|37px|true|true\u00bb global_colors_info=\u00bb{}\u00bb][et_pb_text _builder_version=\u00bb4.16&#8243; _module_preset=\u00bbdefault\u00bb min_height=\u00bb100px\u00bb height=\u00bb240px\u00bb custom_margin=\u00bb-29px||-8px||false|false\u00bb custom_padding=\u00bb0px||0px||false|false\u00bb border_radii=\u00bbon|22px|22px|22px|22px\u00bb box_shadow_style=\u00bbpreset1&#8243; global_colors_info=\u00bb{}\u00bb]<iframe loading=\"lazy\" src=\"https:\/\/www.google.com\/maps\/embed?pb=!1m18!1m12!1m3!1d3976.6779928556807!2d-74.06107678467443!3d4.651397243376842!2m3!1f0!2f0!3f0!3m2!1i1024!2i768!4f13.1!3m3!1m2!1s0x8e3f9a4150b01ec3%3A0xa93407e04be4c73d!2zQ2wuIDY3ICM3LTgyLCBCb2dvdMOh!5e0!3m2!1ses!2sco!4v1606249768460!5m2!1ses!2sco\" width=\"1050\" height=\"240\" frameborder=\"0\" style=\"border: 0;\" allowfullscreen=\"\" aria-hidden=\"false\" tabindex=\"0\"><\/iframe>[\/et_pb_text][\/et_pb_column][\/et_pb_row][\/et_pb_section]<\/p>\n","protected":false},"excerpt":{"rendered":"<p>Participa\u00bfQu\u00e9 es? El Men\u00fa Participa es una nueva categor\u00eda del men\u00fa destacado que deben crear las entidades y organismos obligados en el encabezado principal de su sitio web. Las autoridades deben publicar en el Men\u00fa Participa los contenidos de informaci\u00f3n sobre los espacios, mecanismos y acciones que permiten la participaci\u00f3n ciudadana en el ciclo de [&hellip;]<\/p>\n","protected":false},"author":2,"featured_media":0,"parent":0,"menu_order":0,"comment_status":"closed","ping_status":"closed","template":"","meta":{"_et_pb_use_builder":"on","_et_pb_old_content":"<!-- wp:divi\/placeholder \/-->","_et_gb_content_width":"","footnotes":""},"class_list":["post-1991","page","type-page","status-publish","hentry"],"_links":{"self":[{"href":"https:\/\/notaria37bogota.com.co\/wordpress\/index.php\/wp-json\/wp\/v2\/pages\/1991","targetHints":{"allow":["GET"]}}],"collection":[{"href":"https:\/\/notaria37bogota.com.co\/wordpress\/index.php\/wp-json\/wp\/v2\/pages"}],"about":[{"href":"https:\/\/notaria37bogota.com.co\/wordpress\/index.php\/wp-json\/wp\/v2\/types\/page"}],"author":[{"embeddable":true,"href":"https:\/\/notaria37bogota.com.co\/wordpress\/index.php\/wp-json\/wp\/v2\/users\/2"}],"replies":[{"embeddable":true,"href":"https:\/\/notaria37bogota.com.co\/wordpress\/index.php\/wp-json\/wp\/v2\/comments?post=1991"}],"version-history":[{"count":15,"href":"https:\/\/notaria37bogota.com.co\/wordpress\/index.php\/wp-json\/wp\/v2\/pages\/1991\/revisions"}],"predecessor-version":[{"id":2508,"href":"https:\/\/notaria37bogota.com.co\/wordpress\/index.php\/wp-json\/wp\/v2\/pages\/1991\/revisions\/2508"}],"wp:attachment":[{"href":"https:\/\/notaria37bogota.com.co\/wordpress\/index.php\/wp-json\/wp\/v2\/media?parent=1991"}],"curies":[{"name":"wp","href":"https:\/\/api.w.org\/{rel}","templated":true}]}}