{"id":2481,"date":"2022-09-23T17:13:07","date_gmt":"2022-09-23T17:13:07","guid":{"rendered":"https:\/\/notaria37bogota.com.co\/wordpress\/?page_id=2481"},"modified":"2022-09-30T20:32:00","modified_gmt":"2022-09-30T20:32:00","slug":"informes-a-organismos-de-inspeccion","status":"publish","type":"page","link":"https:\/\/notaria37bogota.com.co\/wordpress\/index.php\/informes-a-organismos-de-inspeccion\/","title":{"rendered":"Informes a organismos de inspeccion"},"content":{"rendered":"<p>[et_pb_section fb_built=\u00bb1&#8243; next_background_color=\u00bb#ffffff\u00bb _builder_version=\u00bb4.16&#8243; _module_preset=\u00bbdefault\u00bb background_color=\u00bb#3c6008&#8243; bottom_divider_style=\u00bbcurve2&#8243; global_colors_info=\u00bb{}\u00bb][et_pb_row _builder_version=\u00bb4.16&#8243; _module_preset=\u00bbdefault\u00bb global_colors_info=\u00bb{}\u00bb][et_pb_column type=\u00bb4_4&#8243; _builder_version=\u00bb4.16&#8243; _module_preset=\u00bbdefault\u00bb global_colors_info=\u00bb{}\u00bb][et_pb_text _builder_version=\u00bb4.18.0&#8243; _module_preset=\u00bbdefault\u00bb text_font=\u00bbActor|700|||||||\u00bb text_text_color=\u00bb#ffffff\u00bb text_font_size=\u00bb48px\u00bb text_orientation=\u00bbcenter\u00bb custom_margin=\u00bb69px||30px||false|false\u00bb global_colors_info=\u00bb{}\u00bb]<\/p>\n<p>Informes a Organismos de Inspecci\u00f3n, Vigilancia y Control.<\/p>\n<p>[\/et_pb_text][\/et_pb_column][\/et_pb_row][\/et_pb_section][et_pb_section fb_built=\u00bb1&#8243; _builder_version=\u00bb4.16&#8243; _module_preset=\u00bbdefault\u00bb global_colors_info=\u00bb{}\u00bb][et_pb_row _builder_version=\u00bb4.16&#8243; _module_preset=\u00bbdefault\u00bb global_colors_info=\u00bb{}\u00bb][et_pb_column type=\u00bb4_4&#8243; _builder_version=\u00bb4.16&#8243; _module_preset=\u00bbdefault\u00bb global_colors_info=\u00bb{}\u00bb][et_pb_text _builder_version=\u00bb4.18.0&#8243; _module_preset=\u00bbdefault\u00bb hover_enabled=\u00bb0&#8243; global_colors_info=\u00bb{}\u00bb sticky_enabled=\u00bb0&#8243;]<\/p>\n<h2><span style=\"color: #008000;\"><strong>INFORMES A LA SUPERINTENDENCIA DE NOTARIADO Y REGISTRO.<\/strong><\/span><\/h2>\n<p>&nbsp;<\/p>\n<ul>\n<li>Informe estad\u00edstico notarial.<\/li>\n<li>Informe estad\u00edstico en l\u00ednea sobre n\u00famero de escrituras, registros etc.<\/li>\n<li>Informe anual de cierre sobre el n\u00famero de escrituras.<\/li>\n<li>Informe sobre los encargos del Notario.<\/li>\n<li>Informe sobre las declaraciones extra proceso gratuitas hechas por las Madres cabeza de familia.<\/li>\n<li>Informe inicio y finalizaci\u00f3n de sucesiones.<\/li>\n<\/ul>\n<p>&nbsp;<\/p>\n<h2><span style=\"color: #008000;\"><strong>INFORMES A LA REGISTRADUR\u00cdA NACIONAL DEL ESTADO CIVIL.<\/strong><\/span><\/h2>\n<p>&nbsp;<\/p>\n<ul>\n<li>Informe mensual estad\u00edstico de los registros civiles de nacimiento, matrimonio y defunci\u00f3n que se hicieron en el mes.<\/li>\n<li>Copia de las actas complementarias.<\/li>\n<li>Copias de registros civiles de nacimiento, matrimonio y defunciones expedidas en el mes.<\/li>\n<li>Copia de las notas que asientan en los registros civiles sobre adopciones, impugnaciones sentencias, reconocimientos posteriores, divorcios, que van en el libro de Varios.<\/li>\n<li>Informe sobre inscripci\u00f3n en el registro civil de los hijos de Nacionales. Venezolanos, de acuerdo a la ley 1997 del 2019.<\/li>\n<li>Informe sobre el otorgamiento de escrituras para cambio de nombre, correcci\u00f3n de errores u omisiones en el registro civil de miembros de comunidades ind\u00edgenas.<\/li>\n<\/ul>\n<p>&nbsp;<\/p>\n<h2><span style=\"color: #008000;\"><strong>INFORMES A LA DIAN<\/strong><\/span><\/h2>\n<p>&nbsp;<\/p>\n<ul>\n<li>Informaci\u00f3n ex\u00f3gena.<\/li>\n<li>Reporte ex\u00f3gena de enajenaciones y sucesiones.<\/li>\n<li>Informe de juicios de sucesiones de acuerdo a la cuant\u00eda.<\/li>\n<\/ul>\n<p>&nbsp;<\/p>\n<h2><span style=\"color: #008000;\"><strong>INFORMES A LA UIAF<\/strong><\/span><\/h2>\n<p>&nbsp;<\/p>\n<ul>\n<li>Reporte de Operaci\u00f3n Notarial (RON).<\/li>\n<li>Reporte de Operaciones intentadas y operaciones sospechosas ROS.<\/li>\n<li>Reporte de ausencia de operaciones sospechosos<\/li>\n<li>Reporte de transacciones en efectivo.<\/li>\n<li>Reporte de ausencia de transacciones en efectivo.<\/li>\n<li>Reporte de adjudicaciones en remate.<\/li>\n<\/ul>\n<p>&nbsp;<\/p>\n<p>[\/et_pb_text][\/et_pb_column][\/et_pb_row][\/et_pb_section][et_pb_section fb_built=\u00bb1&#8243; prev_background_color=\u00bb#ffffff\u00bb module_id=\u00bbfooter\u00bb _builder_version=\u00bb4.7.5&#8243; _module_preset=\u00bbdefault\u00bb background_color=\u00bb#385c1e\u00bb custom_margin=\u00bb109px|||||\u00bb custom_padding=\u00bb||0px|||\u00bb top_divider_style=\u00bbcurve2&#8243; global_module=\u00bb461&#8243; saved_tabs=\u00bball\u00bb global_colors_info=\u00bb{}\u00bb][et_pb_row column_structure=\u00bb1_2,1_2&#8243; _builder_version=\u00bb4.18.0&#8243; _module_preset=\u00bbdefault\u00bb global_colors_info=\u00bb{}\u00bb][et_pb_column type=\u00bb1_2&#8243; _builder_version=\u00bb4.18.0&#8243; _module_preset=\u00bbdefault\u00bb global_colors_info=\u00bb{}\u00bb][\/et_pb_column][et_pb_column type=\u00bb1_2&#8243; _builder_version=\u00bb4.18.0&#8243; _module_preset=\u00bbdefault\u00bb global_colors_info=\u00bb{}\u00bb][\/et_pb_column][\/et_pb_row][et_pb_row column_structure=\u00bb1_2,1_2&#8243; _builder_version=\u00bb4.16&#8243; _module_preset=\u00bbdefault\u00bb custom_margin=\u00bb-86px||||false|false\u00bb global_colors_info=\u00bb{}\u00bb][et_pb_column type=\u00bb1_2&#8243; _builder_version=\u00bb4.16&#8243; _module_preset=\u00bbdefault\u00bb background_color=\u00bbrgba(255,255,255,0.76)\u00bb custom_padding=\u00bb67px|37px|67px|37px|true|true\u00bb animation_style=\u00bbfold\u00bb box_shadow_style=\u00bbpreset1&#8243; global_colors_info=\u00bb{}\u00bb][et_pb_contact_form captcha=\u00bboff\u00bb email=\u00bbinformacion@notaria37bogota.com\u00bb title=\u00bbD\u00e9jenos sus inquietudes\u00bb success_message=\u00bbPronto estaremos en contacto d\u00e1ndole respuesta pertinente a su inquietud.\u00bb _builder_version=\u00bb4.18.0&#8243; _module_preset=\u00bbdefault\u00bb _unique_id=\u00bb85643341-b510-44a0-89d0-9c57e64b1439&#8243; form_field_background_color=\u00bbrgba(56,92,30,0.45)\u00bb form_field_text_color=\u00bb#ffffff\u00bb title_font=\u00bbActor|700|||||||\u00bb title_text_color=\u00bb#385c1e\u00bb form_field_font=\u00bbActor||||||||\u00bb form_field_font_size=\u00bb16px\u00bb custom_button=\u00bbon\u00bb button_text_color=\u00bb#ffffff\u00bb button_bg_use_color_gradient=\u00bbon\u00bb button_bg_color_gradient_direction=\u00bb150deg\u00bb button_bg_color_gradient_stops=\u00bb#385C1E 0%|#13990f 100%\u00bb button_bg_color_gradient_start=\u00bb#385C1E\u00bb button_bg_color_gradient_end=\u00bb#13990f\u00bb button_border_width=\u00bb0px\u00bb button_border_radius=\u00bb49px\u00bb button_font=\u00bbActor|700|||||||\u00bb global_colors_info=\u00bb{}\u00bb button_border_width__hover_enabled=\u00bboff|hover\u00bb button_border_width__hover=\u00bb0px\u00bb][et_pb_contact_field field_id=\u00bbName\u00bb field_title=\u00bbNombre\u00bb fullwidth_field=\u00bbon\u00bb _builder_version=\u00bb4.17.4&#8243; global_colors_info=\u00bb{}\u00bb button_text_size__hover_enabled=\u00bboff\u00bb button_one_text_size__hover_enabled=\u00bboff\u00bb button_two_text_size__hover_enabled=\u00bboff\u00bb button_text_color__hover_enabled=\u00bboff\u00bb button_one_text_color__hover_enabled=\u00bboff\u00bb button_two_text_color__hover_enabled=\u00bboff\u00bb button_border_width__hover_enabled=\u00bboff\u00bb button_one_border_width__hover_enabled=\u00bboff\u00bb button_two_border_width__hover_enabled=\u00bboff\u00bb button_border_color__hover_enabled=\u00bboff\u00bb button_one_border_color__hover_enabled=\u00bboff\u00bb button_two_border_color__hover_enabled=\u00bboff\u00bb button_border_radius__hover_enabled=\u00bboff\u00bb button_one_border_radius__hover_enabled=\u00bboff\u00bb button_two_border_radius__hover_enabled=\u00bboff\u00bb button_letter_spacing__hover_enabled=\u00bboff\u00bb button_one_letter_spacing__hover_enabled=\u00bboff\u00bb button_two_letter_spacing__hover_enabled=\u00bboff\u00bb button_bg_color__hover_enabled=\u00bboff\u00bb button_one_bg_color__hover_enabled=\u00bboff\u00bb button_two_bg_color__hover_enabled=\u00bboff\u00bb][\/et_pb_contact_field][et_pb_contact_field field_id=\u00bbTel\u00e9fono\u00bb field_title=\u00bbTel\u00e9fono\u00bb _builder_version=\u00bb4.17.4&#8243; _module_preset=\u00bbdefault\u00bb global_colors_info=\u00bb{}\u00bb][\/et_pb_contact_field][et_pb_contact_field field_id=\u00bbEmail\u00bb field_title=\u00bbCorreo electr\u00f3nico\u00bb field_type=\u00bbemail\u00bb _builder_version=\u00bb4.17.4&#8243; global_colors_info=\u00bb{}\u00bb button_text_size__hover_enabled=\u00bboff\u00bb button_one_text_size__hover_enabled=\u00bboff\u00bb button_two_text_size__hover_enabled=\u00bboff\u00bb button_text_color__hover_enabled=\u00bboff\u00bb button_one_text_color__hover_enabled=\u00bboff\u00bb button_two_text_color__hover_enabled=\u00bboff\u00bb button_border_width__hover_enabled=\u00bboff\u00bb button_one_border_width__hover_enabled=\u00bboff\u00bb button_two_border_width__hover_enabled=\u00bboff\u00bb button_border_color__hover_enabled=\u00bboff\u00bb button_one_border_color__hover_enabled=\u00bboff\u00bb button_two_border_color__hover_enabled=\u00bboff\u00bb button_border_radius__hover_enabled=\u00bboff\u00bb button_one_border_radius__hover_enabled=\u00bboff\u00bb button_two_border_radius__hover_enabled=\u00bboff\u00bb button_letter_spacing__hover_enabled=\u00bboff\u00bb button_one_letter_spacing__hover_enabled=\u00bboff\u00bb button_two_letter_spacing__hover_enabled=\u00bboff\u00bb button_bg_color__hover_enabled=\u00bboff\u00bb button_one_bg_color__hover_enabled=\u00bboff\u00bb button_two_bg_color__hover_enabled=\u00bboff\u00bb][\/et_pb_contact_field][et_pb_contact_field field_id=\u00bbMessage\u00bb field_title=\u00bbMensaje\u00bb field_type=\u00bbtext\u00bb fullwidth_field=\u00bbon\u00bb _builder_version=\u00bb4.16&#8243; global_colors_info=\u00bb{}\u00bb button_text_size__hover_enabled=\u00bboff\u00bb button_one_text_size__hover_enabled=\u00bboff\u00bb button_two_text_size__hover_enabled=\u00bboff\u00bb button_text_color__hover_enabled=\u00bboff\u00bb button_one_text_color__hover_enabled=\u00bboff\u00bb button_two_text_color__hover_enabled=\u00bboff\u00bb button_border_width__hover_enabled=\u00bboff\u00bb button_one_border_width__hover_enabled=\u00bboff\u00bb button_two_border_width__hover_enabled=\u00bboff\u00bb button_border_color__hover_enabled=\u00bboff\u00bb button_one_border_color__hover_enabled=\u00bboff\u00bb button_two_border_color__hover_enabled=\u00bboff\u00bb button_border_radius__hover_enabled=\u00bboff\u00bb button_one_border_radius__hover_enabled=\u00bboff\u00bb button_two_border_radius__hover_enabled=\u00bboff\u00bb button_letter_spacing__hover_enabled=\u00bboff\u00bb button_one_letter_spacing__hover_enabled=\u00bboff\u00bb button_two_letter_spacing__hover_enabled=\u00bboff\u00bb button_bg_color__hover_enabled=\u00bboff\u00bb button_one_bg_color__hover_enabled=\u00bboff\u00bb button_two_bg_color__hover_enabled=\u00bboff\u00bb][\/et_pb_contact_field][\/et_pb_contact_form][\/et_pb_column][et_pb_column type=\u00bb1_2&#8243; _builder_version=\u00bb4.16&#8243; _module_preset=\u00bbdefault\u00bb global_colors_info=\u00bb{}\u00bb][et_pb_blurb title=\u00bbTel\u00e9fono\u00bb url=\u00bbtel:\/\/6013763737&#8243; use_icon=\u00bbon\u00bb font_icon=\u00bb&#xe090;||divi||400&#8243; icon_color=\u00bb#ffffff\u00bb image_icon_background_color=\u00bb#7cda24&#8243; icon_placement=\u00bbleft\u00bb image_icon_width=\u00bb16px\u00bb _builder_version=\u00bb4.16&#8243; _module_preset=\u00bbdefault\u00bb header_font=\u00bbActor|700|||||||\u00bb header_text_color=\u00bb#7cda24&#8243; header_font_size=\u00bb21px\u00bb body_font=\u00bbActor||||||||\u00bb body_text_color=\u00bb#ffffff\u00bb body_font_size=\u00bb18px\u00bb image_icon_custom_padding=\u00bb8px|8px|8px|8px|false|false\u00bb custom_margin=\u00bb124px||||false|false\u00bb custom_margin_tablet=\u00bb\u00bb custom_margin_phone=\u00bb8px||||false|false\u00bb custom_margin_last_edited=\u00bbon|phone\u00bb link_option_url=\u00bbtel:\/\/6013763737&#8243; border_radii_image=\u00bbon|100%|100%|100%|100%\u00bb border_width_all_image=\u00bb2px\u00bb border_color_all_image=\u00bb#ffffff\u00bb use_circle=\u00bbon\u00bb use_circle_border=\u00bbon\u00bb circle_border_color=\u00bb#ffffff\u00bb circle_color=\u00bb#7cda24&#8243; inline_fonts=\u00bbArial\u00bb global_colors_info=\u00bb{}\u00bb image_icon_background_color__sticky_enabled=\u00bb#7EBEC5&#8243; image_icon_background_color__sticky=\u00bb#7EBEC5&#8243;]<\/p>\n<p><span style=\"font-family: Arial;\">(+57 601) 376 37 37<\/span><\/p>\n<p>[\/et_pb_blurb][et_pb_blurb title=\u00bbNotificaciones Judiciales y Administrativas\u00bb use_icon=\u00bbon\u00bb font_icon=\u00bb&#xe076;||divi||400&#8243; icon_color=\u00bb#ffffff\u00bb image_icon_background_color=\u00bb#7cda24&#8243; icon_placement=\u00bbleft\u00bb image_icon_width=\u00bb16px\u00bb _builder_version=\u00bb4.18.0&#8243; _module_preset=\u00bbdefault\u00bb header_font=\u00bbActor|700|||||||\u00bb header_text_color=\u00bb#7cda24&#8243; header_font_size=\u00bb21px\u00bb body_font=\u00bbActor||||||||\u00bb body_text_color=\u00bb#ffffff\u00bb body_font_size=\u00bb18px\u00bb image_icon_custom_padding=\u00bb8px|8px|8px|8px|false|false\u00bb custom_margin=\u00bb||||false|false\u00bb body_font_size_tablet=\u00bb\u00bb body_font_size_phone=\u00bb13px\u00bb body_font_size_last_edited=\u00bbon|phone\u00bb border_radii_image=\u00bbon|100%|100%|100%|100%\u00bb border_width_all_image=\u00bb2px\u00bb border_color_all_image=\u00bb#ffffff\u00bb use_circle=\u00bbon\u00bb use_circle_border=\u00bbon\u00bb circle_border_color=\u00bb#ffffff\u00bb circle_color=\u00bb#7cda24&#8243; inline_fonts=\u00bbArial\u00bb global_colors_info=\u00bb{}\u00bb image_icon_background_color__sticky_enabled=\u00bb#7EBEC5&#8243; image_icon_background_color__sticky=\u00bb#7EBEC5&#8243;]<\/p>\n<ul>\n<li><span style=\"font-family: Arial;\"><span style=\"color: #ffffff;\"><a href=\"mailto:informacion@notaria37bogota.com\" style=\"color: #ffffff;\">secretaria.despacho@notaria37bogota.com<\/a><\/span><\/span><\/li>\n<\/ul>\n<p>[\/et_pb_blurb][et_pb_blurb title=\u00bbCorreo electr\u00f3nico\u00bb use_icon=\u00bbon\u00bb font_icon=\u00bb&#xe076;||divi||400&#8243; icon_color=\u00bb#ffffff\u00bb image_icon_background_color=\u00bb#7cda24&#8243; icon_placement=\u00bbleft\u00bb image_icon_width=\u00bb16px\u00bb _builder_version=\u00bb4.16&#8243; _module_preset=\u00bbdefault\u00bb header_font=\u00bbActor|700|||||||\u00bb header_text_color=\u00bb#7cda24&#8243; header_font_size=\u00bb21px\u00bb body_font=\u00bbActor||||||||\u00bb body_text_color=\u00bb#ffffff\u00bb body_font_size=\u00bb18px\u00bb image_icon_custom_padding=\u00bb8px|8px|8px|8px|false|false\u00bb transform_translate=\u00bb0px|-28px\u00bb min_height=\u00bb64px\u00bb custom_margin=\u00bb||||false|false\u00bb custom_padding=\u00bb0px|||||\u00bb body_font_size_tablet=\u00bb\u00bb body_font_size_phone=\u00bb13px\u00bb body_font_size_last_edited=\u00bbon|phone\u00bb border_radii_image=\u00bbon|100%|100%|100%|100%\u00bb border_width_all_image=\u00bb2px\u00bb border_color_all_image=\u00bb#ffffff\u00bb use_circle=\u00bbon\u00bb use_circle_border=\u00bbon\u00bb circle_border_color=\u00bb#ffffff\u00bb circle_color=\u00bb#7cda24&#8243; inline_fonts=\u00bbArial\u00bb global_colors_info=\u00bb{}\u00bb image_icon_background_color__sticky_enabled=\u00bb#7EBEC5&#8243; image_icon_background_color__sticky=\u00bb#7EBEC5&#8243;]<\/p>\n<ul>\n<li><span style=\"color: #ffffff; font-family: Arial;\"><a href=\"mailto:informacion@notaria37bogota.com\" style=\"color: #ffffff;\">informacion@notaria37bogota.com<\/a><\/span><\/li>\n<li><span style=\"color: #ffffff; font-family: Arial;\"><a href=\"mailto:notaria37bogota@ucnc.com\" style=\"color: #ffffff;\">notaria37bogota@ucnc.com<\/a><\/span><br \/><span class=\"g-social-text\" style=\"color: #ffffff; font-family: Arial;\"> <\/span><\/li>\n<li><span class=\"g-social-text\" style=\"color: #ffffff; font-family: Arial;\"><a href=\"mailto:treintaysietebogota@supernotariado.gov.co\" style=\"color: #ffffff;\">treintaysietebogota@supernotariado.gov.co <\/a><\/span><a href=\"mailto:notaria37bogota@ucnc.com\"><\/a><\/li>\n<\/ul>\n<p>[\/et_pb_blurb][et_pb_blurb title=\u00bbHorario\u00bb use_icon=\u00bbon\u00bb font_icon=\u00bb&#xe60d;||divi||400&#8243; icon_color=\u00bb#ffffff\u00bb image_icon_background_color=\u00bb#7cda24&#8243; icon_placement=\u00bbleft\u00bb image_icon_width=\u00bb16px\u00bb _builder_version=\u00bb4.16&#8243; _module_preset=\u00bbdefault\u00bb header_font=\u00bbActor|700|||||||\u00bb header_text_color=\u00bb#7cda24&#8243; header_font_size=\u00bb21px\u00bb body_font=\u00bbActor||||||||\u00bb body_text_color=\u00bb#ffffff\u00bb body_font_size=\u00bb18px\u00bb image_icon_custom_padding=\u00bb8px|8px|8px|8px|false|false\u00bb transform_translate=\u00bb0px|-24px\u00bb custom_margin=\u00bb-37px||||false|false\u00bb border_radii_image=\u00bbon|100%|100%|100%|100%\u00bb border_width_all_image=\u00bb2px\u00bb border_color_all_image=\u00bb#ffffff\u00bb use_circle=\u00bbon\u00bb use_circle_border=\u00bbon\u00bb circle_border_color=\u00bb#ffffff\u00bb circle_color=\u00bb#7cda24&#8243; inline_fonts=\u00bbArial\u00bb global_colors_info=\u00bb{}\u00bb image_icon_background_color__sticky_enabled=\u00bb#7EBEC5&#8243; image_icon_background_color__sticky=\u00bb#7EBEC5&#8243;]<\/p>\n<ul>\n<li><span style=\"font-family: Arial;\"><strong>Lunes a Viernes<\/strong> de 8:00am a 1:00pm y de 2:00pm a 6:00pm<\/span><\/li>\n<li><span style=\"font-family: Arial;\"><strong>S\u00e1bados<\/strong> de 9:00am a 12:00m<\/span><\/li>\n<\/ul>\n<p>[\/et_pb_blurb][et_pb_blurb title=\u00bbDirecci\u00f3n\u00bb use_icon=\u00bbon\u00bb font_icon=\u00bb&#xe081;||divi||400&#8243; icon_color=\u00bb#ffffff\u00bb image_icon_background_color=\u00bb#7cda24&#8243; icon_placement=\u00bbleft\u00bb image_icon_width=\u00bb16px\u00bb _builder_version=\u00bb4.16&#8243; _module_preset=\u00bbdefault\u00bb header_font=\u00bbActor|700|||||||\u00bb header_text_color=\u00bb#7cda24&#8243; header_font_size=\u00bb21px\u00bb body_font=\u00bbActor||||||||\u00bb body_text_color=\u00bb#ffffff\u00bb body_font_size=\u00bb18px\u00bb image_icon_custom_padding=\u00bb8px|8px|8px|8px|false|false\u00bb transform_translate=\u00bb0px|-14px\u00bb custom_margin=\u00bb-38px||||false|false\u00bb custom_padding=\u00bb||3px|||\u00bb border_radii_image=\u00bbon|100%|100%|100%|100%\u00bb border_width_all_image=\u00bb2px\u00bb border_color_all_image=\u00bb#ffffff\u00bb use_circle=\u00bbon\u00bb use_circle_border=\u00bbon\u00bb circle_border_color=\u00bb#ffffff\u00bb circle_color=\u00bb#7cda24&#8243; locked=\u00bboff\u00bb inline_fonts=\u00bbArial\u00bb global_colors_info=\u00bb{}\u00bb image_icon_background_color__sticky_enabled=\u00bb#7EBEC5&#8243; image_icon_background_color__sticky=\u00bb#7EBEC5&#8243;]<\/p>\n<p><span style=\"font-family: Arial;\">Calle 67 No. 7 \u2013 82\/86\/90<\/span><\/p>\n<p>[\/et_pb_blurb][\/et_pb_column][\/et_pb_row][et_pb_row _builder_version=\u00bb4.18.0&#8243; _module_preset=\u00bbdefault\u00bb min_height=\u00bb100px\u00bb height=\u00bb100px\u00bb max_height=\u00bb200px\u00bb custom_margin=\u00bb|auto|-80px|auto||\u00bb custom_padding=\u00bb||92px|||\u00bb global_colors_info=\u00bb{}\u00bb][et_pb_column type=\u00bb4_4&#8243; _builder_version=\u00bb4.18.0&#8243; _module_preset=\u00bbdefault\u00bb global_colors_info=\u00bb{}\u00bb][et_pb_text _builder_version=\u00bb4.18.0&#8243; _module_preset=\u00bbdefault\u00bb min_height=\u00bb150px\u00bb height=\u00bb150px\u00bb max_height=\u00bb150px\u00bb custom_margin=\u00bb-92px|||||\u00bb custom_padding=\u00bb0px|||||\u00bb global_colors_info=\u00bb{}\u00bb]<\/p>\n<p><span style=\"color: #ffffff;\">\u2022 <a href=\"https:\/\/notaria37bogota.com.co\/wordpress\/index.php\/terminos-y-condiciones\/\" title=\"T\u00e9rminos y condiciones\">T\u00e9rminos y condiciones<\/a><\/span><br \/><o:p><\/o:p><span style=\"color: #ffffff;\">\u2022 <a href=\"https:\/\/notaria37bogota.com.co\/wordpress\/index.php\/politica-de-tratamiento-de-datos-personales\/\" title=\"Pol\u00edtica de Tratamiento de Datos Personales\">Pol\u00edtica de Tratamiento de Datos Personales<\/a><\/span><br \/><o:p><\/o:p><span style=\"color: #ffffff;\">\u2022 <a href=\"https:\/\/notaria37bogota.com.co\/wordpress\/index.php\/politica-de-derechos-de-autor-y-o-autorizacion-sobre-los-contenidos\/\" title=\"Pol\u00edticas de derechos de autor\">Pol\u00edticas de derechos de autor<\/a><\/span><br \/><o:p><\/o:p><span style=\"color: #ffffff;\">\u2022 <a href=\"https:\/\/notaria37bogota.com.co\/wordpress\/index.php\/certificado\/\" title=\"Certificado de Accesibilidad\">Certificado de Accesibilidad<\/a><\/span><br \/><o:p><\/o:p><span style=\"color: #ffffff;\">\u2022 <a href=\"https:\/\/notaria37bogota.com.co\/wordpress\/index.php\/politicas-de-privacidad-web\/\" title=\"Pol\u00edticas de Privacidad Web\">Pol\u00edticas de Privacidad Web<\/a><\/span><br \/><span style=\"color: #ffffff;\">\u2022 <a href=\"https:\/\/notaria37bogota.com.co\/wordpress\/index.php\/mapa-del-sitio-html\/\" title=\"Mapa del Sitio\">Mapa del Sitio\u00a0<\/a><\/span><\/p>\n<p>[\/et_pb_text][\/et_pb_column][\/et_pb_row][et_pb_row _builder_version=\u00bb4.18.0&#8243; _module_preset=\u00bbdefault\u00bb width=\u00bb100%\u00bb max_width=\u00bb2539px\u00bb module_alignment=\u00bbcenter\u00bb min_height=\u00bb324px\u00bb custom_margin=\u00bb91px|auto||auto|false|false\u00bb custom_padding=\u00bb182px||0px|||\u00bb global_colors_info=\u00bb{}\u00bb][et_pb_column type=\u00bb4_4&#8243; _builder_version=\u00bb4.16&#8243; _module_preset=\u00bbdefault\u00bb background_enable_color=\u00bboff\u00bb custom_padding=\u00bb67px|37px|67px|37px|true|true\u00bb global_colors_info=\u00bb{}\u00bb][et_pb_text _builder_version=\u00bb4.16&#8243; _module_preset=\u00bbdefault\u00bb min_height=\u00bb100px\u00bb height=\u00bb240px\u00bb custom_margin=\u00bb-37px|329px|-8px||false|false\u00bb custom_padding=\u00bb0px|0px|0px||false|false\u00bb border_radii=\u00bbon|22px|22px|22px|22px\u00bb box_shadow_style=\u00bbpreset1&#8243; global_colors_info=\u00bb{}\u00bb]<iframe loading=\"lazy\" src=\"https:\/\/www.google.com\/maps\/embed?pb=!1m18!1m12!1m3!1d3976.6779928556807!2d-74.06107678467443!3d4.651397243376842!2m3!1f0!2f0!3f0!3m2!1i1024!2i768!4f13.1!3m3!1m2!1s0x8e3f9a4150b01ec3%3A0xa93407e04be4c73d!2zQ2wuIDY3ICM3LTgyLCBCb2dvdMOh!5e0!3m2!1ses!2sco!4v1606249768460!5m2!1ses!2sco\" width=\"1050\" height=\"240\" frameborder=\"0\" style=\"border: 0;\" allowfullscreen=\"\" aria-hidden=\"false\" tabindex=\"0\"><\/iframe>[\/et_pb_text][\/et_pb_column][\/et_pb_row][\/et_pb_section]<\/p>\n","protected":false},"excerpt":{"rendered":"<p>Informes a Organismos de Inspecci\u00f3n, Vigilancia y Control.INFORMES A LA SUPERINTENDENCIA DE NOTARIADO Y REGISTRO. &nbsp; Informe estad\u00edstico notarial. Informe estad\u00edstico en l\u00ednea sobre n\u00famero de escrituras, registros etc. Informe anual de cierre sobre el n\u00famero de escrituras. Informe sobre los encargos del Notario. Informe sobre las declaraciones extra proceso gratuitas hechas por las Madres [&hellip;]<\/p>\n","protected":false},"author":2,"featured_media":0,"parent":0,"menu_order":0,"comment_status":"closed","ping_status":"closed","template":"","meta":{"_et_pb_use_builder":"on","_et_pb_old_content":"<!-- wp:divi\/placeholder \/-->","_et_gb_content_width":"","footnotes":""},"class_list":["post-2481","page","type-page","status-publish","hentry"],"_links":{"self":[{"href":"https:\/\/notaria37bogota.com.co\/wordpress\/index.php\/wp-json\/wp\/v2\/pages\/2481","targetHints":{"allow":["GET"]}}],"collection":[{"href":"https:\/\/notaria37bogota.com.co\/wordpress\/index.php\/wp-json\/wp\/v2\/pages"}],"about":[{"href":"https:\/\/notaria37bogota.com.co\/wordpress\/index.php\/wp-json\/wp\/v2\/types\/page"}],"author":[{"embeddable":true,"href":"https:\/\/notaria37bogota.com.co\/wordpress\/index.php\/wp-json\/wp\/v2\/users\/2"}],"replies":[{"embeddable":true,"href":"https:\/\/notaria37bogota.com.co\/wordpress\/index.php\/wp-json\/wp\/v2\/comments?post=2481"}],"version-history":[{"count":6,"href":"https:\/\/notaria37bogota.com.co\/wordpress\/index.php\/wp-json\/wp\/v2\/pages\/2481\/revisions"}],"predecessor-version":[{"id":2652,"href":"https:\/\/notaria37bogota.com.co\/wordpress\/index.php\/wp-json\/wp\/v2\/pages\/2481\/revisions\/2652"}],"wp:attachment":[{"href":"https:\/\/notaria37bogota.com.co\/wordpress\/index.php\/wp-json\/wp\/v2\/media?parent=2481"}],"curies":[{"name":"wp","href":"https:\/\/api.w.org\/{rel}","templated":true}]}}